{"id":2,"date":"2024-01-25T19:41:14","date_gmt":"2024-01-25T22:41:14","guid":{"rendered":"https:\/\/escolabiblicadominical.online\/?page_id=2"},"modified":"2024-01-25T23:04:08","modified_gmt":"2024-01-26T02:04:08","slug":"pagina-exemplo","status":"publish","type":"page","link":"https:\/\/escolabiblicadominical.online\/index.php\/pagina-exemplo\/","title":{"rendered":"Prof.\u00aa Manuela Barros"},"content":{"rendered":"\n<p>Ol\u00e1, meu nome \u00e9 Manuela e voc\u00ea deve me conhecer pelo meu canal no YouTube: Prof. Manuela Barros. Moro em Fort Lauderdale, Florida, nos EUA e sou casada com o Ev. Cicero Guimar\u0101es e tenho dois filhos Yana (5 anos) e Levi (2 anos). Eu ensino a Palavra de Deus desde 1997, como professora de Escola Dominical, professora de semin\u00e1rio B\u00edblico e ainda coopero como escritora de material did\u00e1tico para cursos de forma\u00e7\u00e3o de Obreiros usados no exterior. Eu me formei doutrinariamente aos p\u00e9s de um Gamaliel das Assembl\u00e9ias de Deus &#8211; Pr. Eronides DaSilva. Amo estudar a B\u00edblia e atualmente curso o mestrado em Teologia. Prof. Manuela Barros<\/p>\n\n\n\n<p>Sempre amei a Deus e ainda bem jovem queria conhecer mais da Palavra de Deus. Conhecia hist\u00f3rias e creio que poderia dizer de forma bem simples o cunho da minha f\u00e9 crist\u00e3. Mas n\u00e3o passava muito disso. Deus me trouxe \u00e0 Florida. Meus anos junto ao Semin\u00e1rio Teol\u00f3gico Bet\u00e2nia mudaram a minha hist\u00f3ria, e eu hoje obede\u00e7o a um chamado do Senhor para fazer parte na mudan\u00e7a da tua hist\u00f3ria. A Igreja carece de autoridade b\u00edblica de volta em suas classes de Escola Dominical e seus p\u00falpitos. Comecei este trabalho na Internet como uma miss\u00e3o: expor o ensino da s\u00e3 doutrina de maneira din\u00e2mica e estruturada para que sirva, como tem sido pra mim, uma raiz que me ancora para n\u00e3o balan\u00e7ar diante de tantos ventos de falsas doutrinas. Estou aqui para servir a voc\u00ea que ama a obra de Deus e quer ser parte ativa dela, para juntos lan\u00e7armos a m\u00e3o ao arado e trabalhar at\u00e9 o dia que estivermos eternamente juntos com nosso Mestre Jesus! Maranata!<\/p>\n","protected":false},"excerpt":{"rendered":"<p>Ol\u00e1, meu nome \u00e9 Manuela e voc\u00ea deve me conhecer pelo meu canal no YouTube: Prof. Manuela Barros. Moro em Fort Lauderdale, Florida, nos EUA e sou casada com o Ev. Cicero Guimar\u0101es e tenho dois filhos Yana (5 anos) e Levi (2 anos). Eu ensino a Palavra de Deus desde 1997, como professora de [&hellip;]<\/p>\n","protected":false},"author":1,"featured_media":0,"parent":0,"menu_order":0,"comment_status":"closed","ping_status":"open","template":"","meta":{"pmpro_default_level":"","footnotes":""},"class_list":["post-2","page","type-page","status-publish","hentry","pmpro-has-access"],"_links":{"self":[{"href":"https:\/\/escolabiblicadominical.online\/index.php\/wp-json\/wp\/v2\/pages\/2","targetHints":{"allow":["GET"]}}],"collection":[{"href":"https:\/\/escolabiblicadominical.online\/index.php\/wp-json\/wp\/v2\/pages"}],"about":[{"href":"https:\/\/escolabiblicadominical.online\/index.php\/wp-json\/wp\/v2\/types\/page"}],"author":[{"embeddable":true,"href":"https:\/\/escolabiblicadominical.online\/index.php\/wp-json\/wp\/v2\/users\/1"}],"replies":[{"embeddable":true,"href":"https:\/\/escolabiblicadominical.online\/index.php\/wp-json\/wp\/v2\/comments?post=2"}],"version-history":[{"count":7,"href":"https:\/\/escolabiblicadominical.online\/index.php\/wp-json\/wp\/v2\/pages\/2\/revisions"}],"predecessor-version":[{"id":17,"href":"https:\/\/escolabiblicadominical.online\/index.php\/wp-json\/wp\/v2\/pages\/2\/revisions\/17"}],"wp:attachment":[{"href":"https:\/\/escolabiblicadominical.online\/index.php\/wp-json\/wp\/v2\/media?parent=2"}],"curies":[{"name":"wp","href":"https:\/\/api.w.org\/{rel}","templated":true}]}}